{"id":91,"date":"2018-10-15T19:13:36","date_gmt":"2018-10-15T18:13:36","guid":{"rendered":"https:\/\/uwhzuerich.ch\/?page_id=91"},"modified":"2025-03-22T15:19:39","modified_gmt":"2025-03-22T14:19:39","slug":"about-us","status":"publish","type":"page","link":"https:\/\/uwhzuerich.ch\/de\/","title":{"rendered":"Wer wir sind"},"content":{"rendered":"<p><span style=\"color: #000000;\">Willkommen auf der offiziellen Website von Wahoo Unterwasser Hockey Z\u00fcrich.<\/span><\/p>\n\n\n\n<p><span style=\"font-weight: 400;\">Wahoo Underwater Hockey Z\u00fcrich ist Mitglied des <a href=\"https:\/\/www.usz-zuerich.ch\/\">Unterwasser Sports Zentrum Z\u00fcrich (USZ)<\/a> und des <a href=\"https:\/\/www.susv.ch\/\">Schweizer Unterwasser-Sport-Verband (SUSV)<\/a>.<\/span><br><span style=\"font-weight: 400;\">Wir sind eine offene Gruppe mit \u00fcber 10 verschiedenen Nationalit\u00e4ten und begr\u00fcssen alle interessierten Spieler und Neulinge, sich uns anzuschliessen.<\/span><br><span style=\"font-weight: 400;\">Wir <a href=\"https:\/\/uwhzuerich.ch\/de\/training\/\">trainieren<\/a> zweimal pro Woche und nehmen aktiv an nationalen und internationalen Turnieren teil. Unterwasserhockey wird in der ganzen Schweiz gespielt, weitere Informationen unter:<\/span><\/p>\n\n\n\n<p><a href=\"https:\/\/www.susv.ch\/de\/kurzportraet-unterwasserhockey\">https:\/\/www.susv.ch\/de\/kurzportraet-unterwasserhockey<\/a><\/p>\n\n\n\n<p><span style=\"font-weight: 400;\"><a href=\"http:\/\/uwh.ch\">http:\/\/uwh.ch<\/a><\/span><\/p>\n\n\n\n<p>Schauen Sie zu als Annina Frey von SRF an einem Training teilnimmt.<\/p>\n\n\n\n<figure class=\"wp-block-embed is-type-video is-provider-youtube wp-block-embed-youtube wp-embed-aspect-16-9 wp-has-aspect-ratio\"><div class=\"wp-block-embed__wrapper\">\n<iframe loading=\"lazy\" title=\"Frey von Sinnen - Unterwasser Hockey\" width=\"640\" height=\"360\" src=\"https:\/\/www.youtube.com\/embed\/XMXFkL8o0R8?feature=oembed\" frameborder=\"0\" allow=\"accelerometer; autoplay; clipboard-write; encrypted-media; gyroscope; picture-in-picture; web-share\" referrerpolicy=\"strict-origin-when-cross-origin\" allowfullscreen><\/iframe>\n<\/div><\/figure>","protected":false},"excerpt":{"rendered":"<p>Welcome to the official website of Wahoo Underwater Hockey Zurich. Wahoo Underwater Hockey Zurich is part of the Underwater Sports Association Zurich and the Swiss Underwater Sports Federation.We are an open group with over 10 different nationalities and welcome all interested players end newbies to join us.We train two times a week and actively participate&hellip;<\/p>","protected":false},"author":3,"featured_media":0,"parent":0,"menu_order":0,"comment_status":"closed","ping_status":"closed","template":"","meta":{"footnotes":""},"class_list":["post-91","page","type-page","status-publish","hentry"],"_links":{"self":[{"href":"https:\/\/uwhzuerich.ch\/de\/wp-json\/wp\/v2\/pages\/91","targetHints":{"allow":["GET"]}}],"collection":[{"href":"https:\/\/uwhzuerich.ch\/de\/wp-json\/wp\/v2\/pages"}],"about":[{"href":"https:\/\/uwhzuerich.ch\/de\/wp-json\/wp\/v2\/types\/page"}],"author":[{"embeddable":true,"href":"https:\/\/uwhzuerich.ch\/de\/wp-json\/wp\/v2\/users\/3"}],"replies":[{"embeddable":true,"href":"https:\/\/uwhzuerich.ch\/de\/wp-json\/wp\/v2\/comments?post=91"}],"version-history":[{"count":18,"href":"https:\/\/uwhzuerich.ch\/de\/wp-json\/wp\/v2\/pages\/91\/revisions"}],"predecessor-version":[{"id":899,"href":"https:\/\/uwhzuerich.ch\/de\/wp-json\/wp\/v2\/pages\/91\/revisions\/899"}],"wp:attachment":[{"href":"https:\/\/uwhzuerich.ch\/de\/wp-json\/wp\/v2\/media?parent=91"}],"curies":[{"name":"wp","href":"https:\/\/api.w.org\/{rel}","templated":true}]}}