{"id":775,"date":"2021-09-02T18:32:55","date_gmt":"2021-09-02T17:32:55","guid":{"rendered":"https:\/\/uwhzuerich.ch\/?page_id=775"},"modified":"2021-09-02T18:32:55","modified_gmt":"2021-09-02T17:32:55","slug":"the-organisers","status":"publish","type":"page","link":"https:\/\/uwhzuerich.ch\/de\/the-organisers\/","title":{"rendered":"The organisers"},"content":{"rendered":"<figure class=\"wp-block-table is-style-stripes\"><table><thead><tr><th>Role<\/th><th>Person<\/th><\/tr><\/thead><tbody><tr><td>Brecht Gossel\u00e9<\/td><td>Tournament Organiser (playing for Z\u00fcrich Wahoo)<\/td><\/tr><tr><td>Richard Deverson<\/td><td>Assistant Tournament Organiser (playing for Bern)<\/td><\/tr><tr><td>Katherine Gossel\u00e9<\/td><td>Timekeeping<\/td><\/tr><tr><td>Lukas Rohner<\/td><td>Scorekeeping<\/td><\/tr><\/tbody><\/table><\/figure>","protected":false},"excerpt":{"rendered":"<p>Role Person Brecht Gossel\u00e9 Tournament Organiser (playing for Z\u00fcrich Wahoo) Richard Deverson Assistant Tournament Organiser (playing for Bern) Katherine Gossel\u00e9 Timekeeping Lukas Rohner Scorekeeping<\/p>","protected":false},"author":3,"featured_media":0,"parent":0,"menu_order":0,"comment_status":"closed","ping_status":"closed","template":"","meta":{"footnotes":""},"class_list":["post-775","page","type-page","status-publish","hentry"],"_links":{"self":[{"href":"https:\/\/uwhzuerich.ch\/de\/wp-json\/wp\/v2\/pages\/775","targetHints":{"allow":["GET"]}}],"collection":[{"href":"https:\/\/uwhzuerich.ch\/de\/wp-json\/wp\/v2\/pages"}],"about":[{"href":"https:\/\/uwhzuerich.ch\/de\/wp-json\/wp\/v2\/types\/page"}],"author":[{"embeddable":true,"href":"https:\/\/uwhzuerich.ch\/de\/wp-json\/wp\/v2\/users\/3"}],"replies":[{"embeddable":true,"href":"https:\/\/uwhzuerich.ch\/de\/wp-json\/wp\/v2\/comments?post=775"}],"version-history":[{"count":2,"href":"https:\/\/uwhzuerich.ch\/de\/wp-json\/wp\/v2\/pages\/775\/revisions"}],"predecessor-version":[{"id":777,"href":"https:\/\/uwhzuerich.ch\/de\/wp-json\/wp\/v2\/pages\/775\/revisions\/777"}],"wp:attachment":[{"href":"https:\/\/uwhzuerich.ch\/de\/wp-json\/wp\/v2\/media?parent=775"}],"curies":[{"name":"wp","href":"https:\/\/api.w.org\/{rel}","templated":true}]}}