{"id":182,"date":"2018-11-10T16:43:41","date_gmt":"2018-11-10T16:43:41","guid":{"rendered":"https:\/\/uwhzuerich.ch\/?page_id=182"},"modified":"2021-03-06T13:30:30","modified_gmt":"2021-03-06T12:30:30","slug":"underwater-hockey","status":"publish","type":"page","link":"https:\/\/uwhzuerich.ch\/de\/underwater-hockey\/","title":{"rendered":"Unterwasser Hockey"},"content":{"rendered":"<p><span style=\"font-weight: 400;\">Underwater Hockey (UWH), also known as Octopush (mainly in the <\/span><span style=\"font-weight: 400;\">United <\/span><span style=\"font-weight: 400;\">Kingdom<\/span><span style=\"font-weight: 400;\">) is a globally played limited-<\/span><span style=\"font-weight: 400;\">contact <\/span><span style=\"font-weight: 400;\">sport<\/span><span style=\"font-weight: 400;\"> in which two teams compete to manoeuvre a <\/span><span style=\"font-weight: 400;\">puck<\/span><span style=\"font-weight: 400;\"> across the bottom of a <\/span><span style=\"font-weight: 400;\">swimming\u00a0<\/span><span style=\"font-weight: 400;\">pool\u00a0<\/span><span style=\"font-weight: 400;\">into the opposing team&#8217;s <\/span><span style=\"font-weight: 400;\">goal<\/span><span style=\"font-weight: 400;\"> by propelling it with a <\/span><span style=\"font-weight: 400;\">hockey stick<\/span><span style=\"font-weight: 400;\">. It originated in <\/span><span style=\"font-weight: 400;\">England<\/span><span style=\"font-weight: 400;\"> in 1954 when Alan Blake, a founder of the newly formed <\/span><span style=\"font-weight: 400;\">Southsea<\/span><span style=\"font-weight: 400;\"> Sub-Aqua Club, invented the game he called Octopush as a means of keeping the club&#8217;s members interested and active over the cold winter months when open-water diving lost its appeal.<\/span><\/p>\n<p><span style=\"font-weight: 400;\">Underwater Hockey is now played worldwide, with the <\/span><a href=\"https:\/\/www.cmas.org\/\"><span style=\"font-weight: 400;\">Conf\u00e9d\u00e9ration Mondiale des Activit\u00e9s Subaquatiques<\/span><\/a><span style=\"font-weight: 400;\">, abbreviated CMAS, as the world governing body.<\/span><\/p>\n<p><span style=\"font-weight: 400;\">The first <\/span><a href=\"https:\/\/en.wikipedia.org\/wiki\/Underwater_Hockey_World_Championships\"><span style=\"font-weight: 400;\">Underwater Hockey World Championship<\/span><\/a><span style=\"font-weight: 400;\"> was held in <\/span><span style=\"font-weight: 400;\">Canada<\/span><span style=\"font-weight: 400;\"> in 1980 after a false start in 1979 brought about by international politics and apartheid.<\/span><a href=\"https:\/\/en.wikipedia.org\/wiki\/Underwater_hockey\"><span style=\"font-weight: 400;\">[1]<\/span><\/a><\/p>\n<p><strong>Watch the finals of the\u00a0CMAS Underwater Hockey World Championships 2018, Quebec City, Canada<\/strong><\/p>\n<p><strong>Elite Woman<\/strong><br \/>\nNZL vs. GBR &#8211; 20th CMAS Underwater Hockey World Championships<\/p>\n<p><iframe loading=\"lazy\" title=\"G271 - EW NZL vs. GBR - 20th CMAS Underwater Hockey World Championships\" width=\"640\" height=\"360\" src=\"https:\/\/www.youtube.com\/embed\/z7FpsMQHGmc?feature=oembed\" frameborder=\"0\" allow=\"accelerometer; autoplay; clipboard-write; encrypted-media; gyroscope; picture-in-picture; web-share\" referrerpolicy=\"strict-origin-when-cross-origin\" allowfullscreen><\/iframe><\/p>\n<p><strong>Elite Man<\/strong><br \/>\nEM FRA vs. NZL &#8211; 20th CMAS Underwater Hockey World Championships<\/p>\n<p><iframe loading=\"lazy\" title=\"G272 - EM FRA vs. NZL - 20th CMAS Underwater Hockey World Championships - English Commentary\" width=\"640\" height=\"360\" src=\"https:\/\/www.youtube.com\/embed\/A_aqe-a-BZo?feature=oembed\" frameborder=\"0\" allow=\"accelerometer; autoplay; clipboard-write; encrypted-media; gyroscope; picture-in-picture; web-share\" referrerpolicy=\"strict-origin-when-cross-origin\" allowfullscreen><\/iframe><\/p>\n","protected":false},"excerpt":{"rendered":"<p>Underwater Hockey (UWH), also known as Octopush (mainly in the United Kingdom) is a globally played limited-contact sport in which two teams compete to manoeuvre a puck across the bottom of a swimming\u00a0pool\u00a0into the opposing team&#8217;s goal by propelling it with a hockey stick. It originated in England in 1954 when Alan Blake, a founder&hellip;<\/p>","protected":false},"author":3,"featured_media":0,"parent":0,"menu_order":0,"comment_status":"closed","ping_status":"closed","template":"","meta":{"footnotes":""},"class_list":["post-182","page","type-page","status-publish","hentry"],"_links":{"self":[{"href":"https:\/\/uwhzuerich.ch\/de\/wp-json\/wp\/v2\/pages\/182","targetHints":{"allow":["GET"]}}],"collection":[{"href":"https:\/\/uwhzuerich.ch\/de\/wp-json\/wp\/v2\/pages"}],"about":[{"href":"https:\/\/uwhzuerich.ch\/de\/wp-json\/wp\/v2\/types\/page"}],"author":[{"embeddable":true,"href":"https:\/\/uwhzuerich.ch\/de\/wp-json\/wp\/v2\/users\/3"}],"replies":[{"embeddable":true,"href":"https:\/\/uwhzuerich.ch\/de\/wp-json\/wp\/v2\/comments?post=182"}],"version-history":[{"count":8,"href":"https:\/\/uwhzuerich.ch\/de\/wp-json\/wp\/v2\/pages\/182\/revisions"}],"predecessor-version":[{"id":619,"href":"https:\/\/uwhzuerich.ch\/de\/wp-json\/wp\/v2\/pages\/182\/revisions\/619"}],"wp:attachment":[{"href":"https:\/\/uwhzuerich.ch\/de\/wp-json\/wp\/v2\/media?parent=182"}],"curies":[{"name":"wp","href":"https:\/\/api.w.org\/{rel}","templated":true}]}}