{"id":179,"date":"2018-11-10T16:42:08","date_gmt":"2018-11-10T16:42:08","guid":{"rendered":"https:\/\/uwhzuerich.ch\/?page_id=179"},"modified":"2022-01-30T23:09:22","modified_gmt":"2022-01-30T22:09:22","slug":"training","status":"publish","type":"page","link":"https:\/\/uwhzuerich.ch\/de\/training\/","title":{"rendered":"Training"},"content":{"rendered":"<p><span style=\"color: #003300;\"><strong>Wo?<\/strong><br \/>\n<\/span><a href=\"https:\/\/goo.gl\/maps\/bdmcxYqWQqt\">Hallenbad Oerlikon<\/a><br \/>\nWallisellenstrasse 100, 8050 Z\u00fcrich<\/p>\n<p><strong>Wann?<\/strong><br \/>\nDienstags 20:00 - 22:00<br \/>\nDonnerstags 20:00 - 22:00<\/p>\n<p>see <a href=\"https:\/\/uwhzuerich.ch\/de\/training-plan\/\">training plan<\/a> for details<\/p>\n<p><strong>Wie kannst du teilnehmen?<\/strong><br \/>\nSchickt uns einfach ein <a href=\"https:\/\/uwhzuerich.ch\/de\/about-us\/contact\/\">E-Mail<\/a>\u00a0if you are joining us for the first time.<\/p>\n<p><strong>Wer kann teilnehmen?<\/strong><br \/>\nJeder der schwimmen kann, und der sich im Wasser einigemassen wohlf\u00fchlt. Alle die Interesse und Neugier haben sind herzlich wilkommen!<br \/>\nSowohl weibliche als auch m\u00e4nnliche Spieler sind willkommen.<\/p>\n<p><strong>Was muss ich mitnehmen?<\/strong><br \/>\nWir k\u00f6nnen die Ausr\u00fcstung f\u00fcr Anf\u00e4nger anbieten.<br \/>\nAber wenn du deine eigene Maske, Schnorkel oder Flossen besitzt, dann sie bitte mitnehmen.<br \/>\nSchwimmanzug aber nicht vergessen!<\/p>\n<p><strong>Was kostet ein Training?<\/strong><br \/>\nDu kannst bei uns drei oder vier mal gratis  \"Schnuppern\"!<br \/>\nFalls es dir gef\u00e4llt, dann gibt es ein Jahresbeitrag als Mitglied von USZ.<\/p>\n<p><strong>Versicherung<\/strong><br \/>\nVersicherung ist eine Sache des Teilnehmers. UWH ist eine relative sichere Sportart, aber du nimmst auf eigenes Risiko Teil.<br \/>\nNo Risk no Fun!<\/p>","protected":false},"excerpt":{"rendered":"<p>Where? Hallenbad Oerlikon Wallisellenstrasse 100, 8050 Z\u00fcrich When? Tuesdays 20:00 &#8211; 22:00 Thursdays 20:00 &#8211; 22:00 see training plan for details How to join? Drop us a short E-Mail\u00a0if you are joining us for the first time. Who can join? Anyone who can swim and feels confident in the water. We welcome all interested\u00a0players and&hellip;<\/p>","protected":false},"author":3,"featured_media":0,"parent":0,"menu_order":0,"comment_status":"closed","ping_status":"closed","template":"","meta":{"footnotes":""},"class_list":["post-179","page","type-page","status-publish","hentry"],"_links":{"self":[{"href":"https:\/\/uwhzuerich.ch\/de\/wp-json\/wp\/v2\/pages\/179","targetHints":{"allow":["GET"]}}],"collection":[{"href":"https:\/\/uwhzuerich.ch\/de\/wp-json\/wp\/v2\/pages"}],"about":[{"href":"https:\/\/uwhzuerich.ch\/de\/wp-json\/wp\/v2\/types\/page"}],"author":[{"embeddable":true,"href":"https:\/\/uwhzuerich.ch\/de\/wp-json\/wp\/v2\/users\/3"}],"replies":[{"embeddable":true,"href":"https:\/\/uwhzuerich.ch\/de\/wp-json\/wp\/v2\/comments?post=179"}],"version-history":[{"count":13,"href":"https:\/\/uwhzuerich.ch\/de\/wp-json\/wp\/v2\/pages\/179\/revisions"}],"predecessor-version":[{"id":800,"href":"https:\/\/uwhzuerich.ch\/de\/wp-json\/wp\/v2\/pages\/179\/revisions\/800"}],"wp:attachment":[{"href":"https:\/\/uwhzuerich.ch\/de\/wp-json\/wp\/v2\/media?parent=179"}],"curies":[{"name":"wp","href":"https:\/\/api.w.org\/{rel}","templated":true}]}}